{"id":424,"date":"2025-12-07T16:53:37","date_gmt":"2025-12-07T15:53:37","guid":{"rendered":"https:\/\/www.mathebdo.fr\/?page_id=424"},"modified":"2025-12-07T16:53:37","modified_gmt":"2025-12-07T15:53:37","slug":"la-semaine-a-lenvers-lenquete-des-problemes-resolus-en-cycle-2","status":"publish","type":"page","link":"https:\/\/www.mathebdo.fr\/index.php\/la-semaine-a-lenvers-lenquete-des-problemes-resolus-en-cycle-2\/","title":{"rendered":"La semaine \u00e0 l&rsquo;envers : l&rsquo;enqu\u00eate des probl\u00e8mes r\u00e9solus en cycle 2"},"content":{"rendered":"\n<p>Le probl\u00e8me est r\u00e9solu et l&rsquo;\u00e9l\u00e8ve observe la solution. Il doit la comprendre et l&rsquo;expliquer. Ainsi on va focaliser les ressources attentionnelles sur le raisonnement et la construction de strat\u00e9gies.<\/p>\n\n\n\n<div style=\"width: 100%;\"><div style=\"position: relative; padding-bottom: 56.25%; padding-top: 0; height: 0;\"><iframe loading=\"lazy\" title=\"CP - Probl\u00e8mes r\u00e9solus\" frameborder=\"0\" width=\"1200px\" height=\"675px\" style=\"position: absolute; top: 0; left: 0; width: 100%; height: 100%;\" src=\"https:\/\/view.genially.com\/691c91d9f1ce4f249907e54d\" type=\"text\/html\" allowscriptaccess=\"always\" allowfullscreen=\"true\" scrolling=\"yes\" allownetworking=\"all\"><\/iframe> <\/div> <\/div>\n","protected":false},"excerpt":{"rendered":"<p>Le probl\u00e8me est r\u00e9solu et l&rsquo;\u00e9l\u00e8ve observe la solution. Il doit la comprendre et l&rsquo;expliquer. Ainsi on va focaliser les ressources attentionnelles sur le raisonnement et la construction de strat\u00e9gies.<\/p>\n","protected":false},"author":2,"featured_media":0,"parent":0,"menu_order":0,"comment_status":"closed","ping_status":"closed","template":"","meta":{"footnotes":""},"class_list":["post-424","page","type-page","status-publish","hentry"],"_links":{"self":[{"href":"https:\/\/www.mathebdo.fr\/index.php\/wp-json\/wp\/v2\/pages\/424","targetHints":{"allow":["GET"]}}],"collection":[{"href":"https:\/\/www.mathebdo.fr\/index.php\/wp-json\/wp\/v2\/pages"}],"about":[{"href":"https:\/\/www.mathebdo.fr\/index.php\/wp-json\/wp\/v2\/types\/page"}],"author":[{"embeddable":true,"href":"https:\/\/www.mathebdo.fr\/index.php\/wp-json\/wp\/v2\/users\/2"}],"replies":[{"embeddable":true,"href":"https:\/\/www.mathebdo.fr\/index.php\/wp-json\/wp\/v2\/comments?post=424"}],"version-history":[{"count":1,"href":"https:\/\/www.mathebdo.fr\/index.php\/wp-json\/wp\/v2\/pages\/424\/revisions"}],"predecessor-version":[{"id":425,"href":"https:\/\/www.mathebdo.fr\/index.php\/wp-json\/wp\/v2\/pages\/424\/revisions\/425"}],"wp:attachment":[{"href":"https:\/\/www.mathebdo.fr\/index.php\/wp-json\/wp\/v2\/media?parent=424"}],"curies":[{"name":"wp","href":"https:\/\/api.w.org\/{rel}","templated":true}]}}