{"id":250,"date":"2025-08-16T17:13:22","date_gmt":"2025-08-16T15:13:22","guid":{"rendered":"https:\/\/www.mathebdo.fr\/?page_id=250"},"modified":"2025-08-16T17:13:22","modified_gmt":"2025-08-16T15:13:22","slug":"le-projet","status":"publish","type":"page","link":"https:\/\/www.mathebdo.fr\/index.php\/le-projet\/","title":{"rendered":"Le projet"},"content":{"rendered":"\n<p>Le collectif \u00e9largi de formateurs de la Vienne vous propose le choix entre deux roues, <strong>Face A<\/strong> ou <strong>Face B<\/strong>, pour r\u00e9soudre 10 probl\u00e8mes par semaine sur le th\u00e8me que vous souhaitez travailler avec vos \u00e9l\u00e8ves. <strong>Quelques num\u00e9ros hors s\u00e9rie vous seront propos\u00e9s cette ann\u00e9e.<\/strong><\/p>\n\n\n\n<p>Les \u00e9l\u00e8ves de Petite Section pourront d\u00e9buter d\u00e8s le mois de janvier !<\/p>\n","protected":false},"excerpt":{"rendered":"<p>Le collectif \u00e9largi de formateurs de la Vienne vous propose le choix entre deux roues, Face A ou Face B, pour r\u00e9soudre 10 probl\u00e8mes par semaine sur le th\u00e8me que vous souhaitez travailler avec&#46;&#46;&#46;<\/p>\n","protected":false},"author":2,"featured_media":0,"parent":0,"menu_order":0,"comment_status":"closed","ping_status":"closed","template":"","meta":{"footnotes":""},"class_list":["post-250","page","type-page","status-publish","hentry"],"_links":{"self":[{"href":"https:\/\/www.mathebdo.fr\/index.php\/wp-json\/wp\/v2\/pages\/250","targetHints":{"allow":["GET"]}}],"collection":[{"href":"https:\/\/www.mathebdo.fr\/index.php\/wp-json\/wp\/v2\/pages"}],"about":[{"href":"https:\/\/www.mathebdo.fr\/index.php\/wp-json\/wp\/v2\/types\/page"}],"author":[{"embeddable":true,"href":"https:\/\/www.mathebdo.fr\/index.php\/wp-json\/wp\/v2\/users\/2"}],"replies":[{"embeddable":true,"href":"https:\/\/www.mathebdo.fr\/index.php\/wp-json\/wp\/v2\/comments?post=250"}],"version-history":[{"count":1,"href":"https:\/\/www.mathebdo.fr\/index.php\/wp-json\/wp\/v2\/pages\/250\/revisions"}],"predecessor-version":[{"id":251,"href":"https:\/\/www.mathebdo.fr\/index.php\/wp-json\/wp\/v2\/pages\/250\/revisions\/251"}],"wp:attachment":[{"href":"https:\/\/www.mathebdo.fr\/index.php\/wp-json\/wp\/v2\/media?parent=250"}],"curies":[{"name":"wp","href":"https:\/\/api.w.org\/{rel}","templated":true}]}}